{"id":1541,"date":"2026-01-27T14:58:18","date_gmt":"2026-01-27T14:58:18","guid":{"rendered":"https:\/\/www.taikaponit.fi\/?page_id=1541"},"modified":"2026-01-28T13:08:15","modified_gmt":"2026-01-28T13:08:15","slug":"pollepaivatjaleirit-2","status":"publish","type":"page","link":"http:\/\/www.taikaponit.fi\/?page_id=1541","title":{"rendered":"Pollep\u00e4iv\u00e4t ja leirit"},"content":{"rendered":"<div class=\"brz brz-root__container brz-reset-all brz-root__container-page\" >\n<section id=\"aahQunlAK0lb_aahQunlAK0lb\" class=\"brz-section brz-css-d-section brz-css-ep9fad\">\n<div class=\"brz-section__content brz-section--boxed brz-css-d-sectionitem-bg brz-css-a1f0ih\" data-brz-custom-id=\"wzkwqkhVpBrq\">\n<div class=\"brz-bg\">\n<div class=\"brz-bg-image\"><\/div>\n<\/div>\n<div class=\"brz-container brz-css-d-sectionitem-container brz-css-jzcmm2\">\n<div id=\"\" class=\"brz-css-d-wrapper brz-css-765p3 brz-wrapper\">\n<div class=\"brz-menu-simple brz-css-d-wpnavigation brz-css-5dab65\">\n<div style=\"min-height:20px\">\n<div class=\"menu-valikko-1-container\">\n<ul id=\"menu-valikko-1\" class=\"menu\">\n<li id=\"menu-item-293\" class=\"menu-item menu-item-type-custom menu-item-object-custom menu-item-293\"><a href=\"#etusivu\">Etusivu<\/a><\/li>\n<li id=\"menu-item-294\" class=\"menu-item menu-item-type-custom menu-item-object-custom menu-item-has-children menu-item-294\"><a href=\"#palvelut\">Palvelut<\/a>\n<ul class=\"sub-menu\">\n<li id=\"menu-item-1391\" class=\"menu-item menu-item-type-post_type menu-item-object-page menu-item-1391\"><a href=\"https:\/\/www.taikaponit.fi\/?page_id=1385\">Taikaratsastus<\/a><\/li>\n<li id=\"menu-item-1265\" class=\"menu-item menu-item-type-post_type menu-item-object-page menu-item-1265\"><a href=\"https:\/\/www.taikaponit.fi\/?page_id=1259\">Leikkitunti<\/a><\/li>\n<li id=\"menu-item-1279\" class=\"menu-item menu-item-type-post_type menu-item-object-page menu-item-1279\"><a href=\"https:\/\/www.taikaponit.fi\/?page_id=1267\">Taikatenavat<\/a><\/li>\n<li id=\"menu-item-1486\" class=\"menu-item menu-item-type-post_type menu-item-object-page menu-item-1486\"><a href=\"https:\/\/www.taikaponit.fi\/?page_id=1480\">Talent<\/a><\/li>\n<li id=\"menu-item-1286\" class=\"menu-item menu-item-type-post_type menu-item-object-page menu-item-1286\"><a href=\"https:\/\/www.taikaponit.fi\/?page_id=1280\">Maastoratsastukset<\/a><\/li>\n<li id=\"menu-item-1552\" class=\"menu-item menu-item-type-post_type menu-item-object-page menu-item-1552\"><a href=\"https:\/\/www.taikaponit.fi\/?page_id=1541\">Pollep\u00e4iv\u00e4t ja leirit<\/a><\/li>\n<li id=\"menu-item-1570\" class=\"menu-item menu-item-type-post_type menu-item-object-page menu-item-1570\"><a href=\"https:\/\/www.taikaponit.fi\/?page_id=1563\">Taikaponisyntt\u00e4rit<\/a><\/li>\n<li id=\"menu-item-1321\" class=\"menu-item menu-item-type-post_type menu-item-object-page menu-item-1321\"><a href=\"https:\/\/www.taikaponit.fi\/?page_id=1316\">Ponitalutus tapahtumiin<\/a><\/li>\n<\/ul>\n<\/li>\n<li id=\"menu-item-295\" class=\"menu-item menu-item-type-custom menu-item-object-custom menu-item-has-children menu-item-295\"><a href=\"#meista\">Meist\u00e4<\/a>\n<ul class=\"sub-menu\">\n<li id=\"menu-item-1322\" class=\"menu-item menu-item-type-post_type menu-item-object-page menu-item-1322\"><a href=\"https:\/\/www.taikaponit.fi\/?page_id=1309\">Esittely<\/a><\/li>\n<li id=\"menu-item-1472\" class=\"menu-item menu-item-type-post_type menu-item-object-page menu-item-1472\"><a href=\"https:\/\/www.taikaponit.fi\/?page_id=1467\">Ponit ja hevoset<\/a><\/li>\n<li id=\"menu-item-1562\" class=\"menu-item menu-item-type-post_type menu-item-object-page menu-item-1562\"><a href=\"https:\/\/www.taikaponit.fi\/?page_id=1553\">Muut el\u00e4imet<\/a><\/li>\n<li id=\"menu-item-1479\" class=\"menu-item menu-item-type-post_type menu-item-object-page menu-item-1479\"><a href=\"https:\/\/www.taikaponit.fi\/?page_id=1474\">Henkil\u00f6kunta<\/a><\/li>\n<li id=\"menu-item-1496\" class=\"menu-item menu-item-type-post_type menu-item-object-page menu-item-1496\"><a href=\"https:\/\/www.taikaponit.fi\/?page_id=1488\">UKK<\/a><\/li>\n<\/ul>\n<\/li>\n<li id=\"menu-item-296\" class=\"menu-item menu-item-type-custom menu-item-object-custom menu-item-has-children menu-item-296\"><a href=\"#hinnasto\">Hinnasto<\/a>\n<ul class=\"sub-menu\">\n<li id=\"menu-item-1364\" class=\"menu-item menu-item-type-post_type menu-item-object-page menu-item-1364\"><a href=\"https:\/\/www.taikaponit.fi\/?page_id=1349\">Hinnasto<\/a><\/li>\n<\/ul>\n<\/li>\n<li id=\"menu-item-297\" class=\"menu-item menu-item-type-custom menu-item-object-custom menu-item-has-children menu-item-297\"><a href=\"#otayhteys\">Ota yhteytt\u00e4<\/a>\n<ul class=\"sub-menu\">\n<li id=\"menu-item-1526\" class=\"menu-item menu-item-type-post_type menu-item-object-page menu-item-1526\"><a href=\"https:\/\/www.taikaponit.fi\/?page_id=1521\">Sijainti<\/a><\/li>\n<li id=\"menu-item-1538\" class=\"menu-item menu-item-type-post_type menu-item-object-page menu-item-1538\"><a href=\"https:\/\/www.taikaponit.fi\/?page_id=1533\">Yhteystiedot<\/a><\/li>\n<\/ul>\n<\/li>\n<\/ul>\n<\/div>\n<\/div>\n<\/div>\n<\/div>\n<div id=\"\" class=\"brz-css-d-wrapper brz-css-1mycpk1 brz-wrapper\">\n<div class=\"brz-rich-text brz-rich-text__custom brz-css-d-richtext brz-css-5z2d32\" data-brz-custom-id=\"w2nL23d5v8lz\">\n<div data-brz-translate-text=\"1\">\n<h2 class=\"brz-tp-lg-heading2 brz-text-lg-center brz-css-xa2Cq\" data-generated-css=\"brz-css-p8M1P\" data-uniq-id=\"wSts0\"><\/h2>\n<\/div>\n<\/div>\n<\/div>\n<div id=\"\" class=\"brz-css-d-wrapper brz-css-1cmk5ut brz-wrapper\">\n<div class=\"brz-rich-text brz-rich-text__custom brz-css-d-richtext brz-css-1lmsao4\" data-brz-custom-id=\"uoHufKStqyLH\">\n<div data-brz-translate-text=\"1\">\n<p class=\"brz-text-lg-center brz-tp-lg-subtitle brz-css-e0NSW\" data-generated-css=\"brz-css-zprgC\" data-uniq-id=\"szm4R\"><\/p>\n<\/div>\n<\/div>\n<\/div>\n<div id=\"\" class=\"brz-css-d-wrapper brz-css-1e3t745 brz-wrapper\">\n<div class=\"brz-rich-text brz-rich-text__custom brz-css-d-richtext brz-css-10ndcas\" data-brz-custom-id=\"nAB3oL89HXoy\">\n<div data-brz-translate-text=\"1\">\n<p class=\"brz-tp-lg-subtitle brz-text-lg-center brz-css-tifBX\" data-uniq-id=\"pMhjh\" data-generated-css=\"brz-css-fj52p\"><\/p>\n<\/div>\n<\/div>\n<\/div>\n<div id=\"\" class=\"brz-css-d-wrapper brz-css-r-wrapper brz-css-zhup6x brz-wrapper\">\n<div class=\"brz-spacer brz-css-d-spacer brz-css-14lzliq\"><\/div>\n<\/div>\n<\/div>\n<\/div>\n<\/section>\n<section id=\"aKkvvRDLxQQ9_aKkvvRDLxQQ9\" class=\"brz-section brz-css-d-section brz-css-23yegq\">\n<div class=\"brz-section__content brz-section--boxed brz-css-d-sectionitem-bg brz-css-8p2fil\" data-brz-custom-id=\"qV5q12Eyxhwp\">\n<div class=\"brz-bg\">\n<div class=\"brz-bg-color\"><\/div>\n<\/div>\n<div class=\"brz-container brz-css-d-sectionitem-container brz-css-1uqvx8b\">\n<div id=\"\" class=\"brz-css-d-wrapper brz-css-lyigq7 brz-wrapper\">\n<div class=\"brz-rich-text brz-rich-text__custom brz-css-d-richtext brz-css-1fcna6r\" data-brz-custom-id=\"q6R5EJJlk_xB\">\n<div data-brz-translate-text=\"1\">\n<h2 class=\"brz-tp-lg-heading2 brz-text-lg-center brz-css-lpFLO\" data-generated-css=\"brz-css-hyOh5\" data-uniq-id=\"zHjva\"><span style=\"color: rgba(var(--brz-global-color2),1);\" class=\"brz-cp-color2\">Pollep\u00e4iv\u00e4t ja leirit<\/span><\/h2>\n<\/div>\n<\/div>\n<\/div>\n<div id=\"\" class=\"brz-css-d-wrapper brz-css-1bggmpx brz-wrapper\">\n<div class=\"brz-rich-text brz-rich-text__custom brz-css-d-richtext brz-css-14p3qq\" data-brz-custom-id=\"m4vLJlTHcfrC\">\n<div data-brz-translate-text=\"1\">\n<p class=\"brz-text-lg-center brz-tp-lg-empty brz-fsft-lg-0 brz-fwdth-lg-100 brz-vfw-lg-400 brz-lh-lg-1_7 brz-ls-lg-0 brz-fw-lg-300 brz-fss-lg-px brz-fs-lg-20 brz-ft-google brz-ff-noto_serif brz-css-fuwDm\" data-uniq-id=\"dv059\" data-generated-css=\"brz-css-nJ0u3\"><u class=\"brz-cp-color2 brz-underline-true\" style=\"color: rgba(var(--brz-global-color2),1);\">Pollep\u00e4iv\u00e4<\/u><\/p>\n<p class=\"brz-tp-lg-subtitle brz-text-lg-center brz-css-rpThX\" data-uniq-id=\"bGgL8\" data-generated-css=\"brz-css-o3tlt\"><span class=\"brz-cp-color2\" style=\"color: rgba(var(--brz-global-color2),1);\">Peltolaukkaa, pulkkalaukkaa, hiihtoratsastusta, leikkitunti, maastoratsastusta tai k\u00e4rryajelua, esteratsastusta tai mit\u00e4 kivaa keksitt\u00e4isiin? Kaikkien toiveiden pollep\u00e4iv\u00e4 sis\u00e4lt\u00e4en kolme erilaista ratsastustuntia. Ratsastusten v\u00e4liss\u00e4 sy\u00f6d\u00e4\u00e4n mahat t\u00e4yteen lempiruokaa. <\/span><\/p>\n<p class=\"brz-tp-lg-subtitle brz-text-lg-center brz-css-pdA5S\" data-uniq-id=\"rQuGf\" data-generated-css=\"brz-css-lhWJz\"><span class=\"brz-cp-color2\" style=\"color: rgba(var(--brz-global-color2),1);\">Pollep\u00e4iv\u00e4n kesto on kahdeksan tuntia, klo 10.00 &#8211; 18.00. P\u00e4iv\u00e4n aikana tarjoillaan lounas ja v\u00e4lipala. Ennakkoon ilmoitetut erikoisruokavaliot huomioidaan. <\/span><\/p>\n<p class=\"brz-tp-lg-subtitle brz-text-lg-center brz-css-gu2Dp\" data-uniq-id=\"llL_j\" data-generated-css=\"brz-css-ojQUN\"><span class=\"brz-cp-color2\" style=\"color: rgba(var(--brz-global-color2),1);\">Suositusik\u00e4raja 4v+ ja ryhm\u00e4n koko on maksimissaan kuusi lasta. Tervetuloa seikkailemaan ponien kanssa!<\/span><\/p>\n<p class=\"brz-tp-lg-subtitle brz-text-lg-center brz-css-n4_QD\" data-uniq-id=\"fGNkP\" data-generated-css=\"brz-css-cnN4b\"><span class=\"brz-cp-color2\" style=\"color: rgba(var(--brz-global-color2),1);\"> <\/span><\/p>\n<p class=\"brz-text-lg-center brz-tp-lg-empty brz-fsft-lg-0 brz-fwdth-lg-100 brz-vfw-lg-400 brz-lh-lg-1_7 brz-ls-lg-0 brz-fw-lg-300 brz-fss-lg-px brz-fs-lg-20 brz-ft-google brz-ff-noto_serif brz-css-nzygJ\" data-uniq-id=\"cEq3G\" data-generated-css=\"brz-css-ibiCA\"><u class=\"brz-cp-color2 brz-underline-true\" style=\"color: rgba(var(--brz-global-color2),1);\">Villivarsojen kes\u00e4leiri<\/u><\/p>\n<p class=\"brz-tp-lg-subtitle brz-text-lg-center brz-css-i1ZKL\" data-uniq-id=\"pTMll\" data-generated-css=\"brz-css-gGlVY\"><span class=\"brz-cp-color2\" style=\"color: rgba(var(--brz-global-color2),1);\">Toiveiden t\u00e4yteinen pienten lasten leiri. Ratsastetaan, k\u00e4rrytell\u00e4\u00e4n, hoidetaan ja letitet\u00e4\u00e4n poneja, leikit\u00e4\u00e4n el\u00e4inten kanssa ja tehd\u00e4\u00e4n juuri sit\u00e4, mik\u00e4 tuntuu kivalta. Tutustutaan my\u00f6s pupuihin, lehmiin, kuttuihin, kissoihin ja kanoihin. Uidaan ponien kanssa lammessa, herkutellaan, saunotaan ja iltaisin k\u00f6mmit\u00e4\u00e4n siskonpetiin Kivipirtiss\u00e4. T\u00e4m\u00e4 leiri kest\u00e4\u00e4 reilun vuorokauden. Leirin ensimm\u00e4isen\u00e4 p\u00e4iv\u00e4n\u00e4 nautitaan lounas, v\u00e4lipala, p\u00e4iv\u00e4llinen ja iltapala. Leirin toisena p\u00e4iv\u00e4n\u00e4 sy\u00f6d\u00e4\u00e4n aamupala ja lounas. Ennakkoon ilmoitetut ruokavaliot huomioidaan. Suositusik\u00e4raja on 4-10v. ja ryhm\u00e4n koko on maksimissaan kymmenen lasta. T\u00e4ydellinen kes\u00e4seikkailu pienille el\u00e4inrakkaille &#8211; l\u00e4mpim\u00e4sti tervetuloa!<\/span><\/p>\n<p class=\"brz-tp-lg-subtitle brz-text-lg-center brz-css-aN5pd\" data-uniq-id=\"j8ruF\" data-generated-css=\"brz-css-wtm1D\"><span class=\"brz-cp-color2\" style=\"color: rgba(var(--brz-global-color2),1);\"> <\/span><\/p>\n<p class=\"brz-text-lg-center brz-tp-lg-empty brz-fsft-lg-0 brz-fwdth-lg-100 brz-vfw-lg-400 brz-lh-lg-1_7 brz-ls-lg-0 brz-fw-lg-300 brz-fss-lg-px brz-fs-lg-20 brz-ft-google brz-ff-noto_serif brz-css-yPsck\" data-uniq-id=\"uq_xH\" data-generated-css=\"brz-css-g_PoZ\"><u class=\"brz-cp-color2 brz-underline-true\" style=\"color: rgba(var(--brz-global-color2),1);\">Teinileiri<\/u><\/p>\n<p class=\"brz-tp-lg-subtitle brz-text-lg-center brz-css-aHh1m\" data-uniq-id=\"vqSs6\" data-generated-css=\"brz-css-gfrmP\"><span class=\"brz-cp-color2\" style=\"color: rgba(var(--brz-global-color2),1);\">Viet\u00e4 unohtumaton leiri lempiponien parissa. Leirill\u00e4 ratsastetaan, k\u00e4rrytell\u00e4\u00e4n, uidaan ja nautitaan mets\u00e4hetkist\u00e4 nuotiolla. Valitaan omat suosikkiratsut ja suunnitellaan yhdess\u00e4 mielek\u00e4st\u00e4 tekemist\u00e4. Illat huipentuvat saunaan ja paljuun. Y\u00f6t vietet\u00e4\u00e4n siskonpediss\u00e4 kivipirtiss\u00e4 tai vaikka riippumatossa laitumen laidalla &#8211; jos uskallat! Herkutellaan yhdess\u00e4, tietenkin huomioiden erityisruokavaliot. Leirin kesto on yksi tai kaksi y\u00f6t\u00e4 riippuen ajankohdasta. Leiri sopii lapsille i\u00e4lt\u00e4\u00e4n 10-15v. <\/span><\/p>\n<p class=\"brz-tp-lg-subtitle brz-text-lg-center brz-css-lG6QU\" data-uniq-id=\"pAaLf\" data-generated-css=\"brz-css-d_DSe\"><span style=\"color: rgb(251, 2, 200);\"> <\/span><\/p>\n<\/div>\n<\/div>\n<\/div>\n<div class=\"brz-wrapper-clone brz-flex-xs-wrap brz-css-d-cloneable brz-css-3d8sxn\" data-brz-custom-id=\"qwAxV3Ilzuac\"><a class=\"brz-a brz-btn brz-css-d-button brz-css-cljwb8 brz-css-d-button-bg brz-css-10uj2kz\" target=\"_self\" rel=\"noopener\" href=\"https:\/\/hopoti.com\/stable\/Taikaponit\/booking?cal=483\" data-brz-link-type=\"external\" data-brz-custom-id=\"uocO6Q9ppBD5\"><svg class=\"brz-icon-svg align-[initial] brz-css-d-button-icon brz-css-zxwv0o\"><use href=\"\/wp-content\/plugins\/brizy\/public\/editor-build\/prod\/editor\/icons\/glyph\/tail-right.svg#nc_icon\"><\/use><\/svg><span data-brz-translate-text=\"1\" class=\"brz-span brz-text__editor\">VARAA T\u00c4ST\u00c4<\/span><\/a><\/div>\n<div id=\"\" class=\"brz-css-d-wrapper brz-css-r-wrapper brz-css-j1ds8a brz-wrapper\">\n<div class=\"brz-spacer brz-css-d-spacer brz-css-1p2kl5m\"><\/div>\n<\/div>\n<\/div>\n<\/div>\n<\/section><\/div>\n<p><!-- version:1769605695 --><\/p>\n","protected":false},"excerpt":{"rendered":"<p>Etusivu Palvelut Taikaratsastus Leikkitunti Taikatenavat Talent Maastoratsastukset Pollep\u00e4iv\u00e4t ja leirit Taikaponisyntt\u00e4rit Ponitalutus tapahtumiin Meist\u00e4 Esittely Ponit ja hevoset Muut el\u00e4imet Henkil\u00f6kunta UKK Hinnasto Hinnasto Ota yhteytt\u00e4 Sijainti Yhteystiedot Pollep\u00e4iv\u00e4t ja leirit Pollep\u00e4iv\u00e4 Peltolaukkaa, pulkkalaukkaa, hiihtoratsastusta, leikkitunti, maastoratsastusta tai k\u00e4rryajelua, esteratsastusta tai mit\u00e4 kivaa keksitt\u00e4isiin? Kaikkien toiveiden pollep\u00e4iv\u00e4 sis\u00e4lt\u00e4en kolme erilaista [&hellip;]<\/p>\n","protected":false},"author":1,"featured_media":0,"parent":0,"menu_order":0,"comment_status":"closed","ping_status":"closed","template":"brizy-blank-template.php","meta":{"_themeisle_gutenberg_block_has_review":false,"footnotes":""},"class_list":["post-1541","page","type-page","status-publish","hentry"],"brizy_media":[{"id":933,"url":"http:\/\/www.taikaponit.fi\/wp-content\/uploads\/2025\/04\/Jukkkaa.jpg","name":"Jukkkaa.jpg","meta":{"brizy_attachment_uid":"wp-950ee292b2e337ba00bf825d6c862b5d.jpg","brizy_post_uid":["c9cc880d730fc3033ce3229d2bd0ad6c","215f31bf4b544c6cbd18041112602653"]}},{"id":934,"url":"http:\/\/www.taikaponit.fi\/wp-content\/uploads\/2025\/04\/nettisivuil-katja-1-scaled.jpg","name":"nettisivuil-katja-1.jpg","meta":{"brizy_attachment_uid":"wp-553b7c1e4ec839d40b90cee27b422e6a.jpg","brizy_post_uid":["c9cc880d730fc3033ce3229d2bd0ad6c","215f31bf4b544c6cbd18041112602653"]}},{"id":948,"url":"http:\/\/www.taikaponit.fi\/wp-content\/uploads\/2025\/04\/jupaduuu-scaled.jpg","name":"jupaduuu.jpg","meta":{"brizy_attachment_uid":"wp-1c01354f70b7170b5b7e099714bda1fb.jpg","brizy_post_uid":["c9cc880d730fc3033ce3229d2bd0ad6c","215f31bf4b544c6cbd18041112602653"]}},{"id":952,"url":"http:\/\/www.taikaponit.fi\/wp-content\/uploads\/2025\/04\/f849465d-812f-4378-81d5-de2056c3b4fd.jpg","name":"f849465d-812f-4378-81d5-de2056c3b4fd.jpg","meta":{"brizy_attachment_uid":"wp-a849ddd479ff29d7f16c1805eefac277.jpg","brizy_post_uid":["c9cc880d730fc3033ce3229d2bd0ad6c","215f31bf4b544c6cbd18041112602653"]}},{"id":954,"url":"http:\/\/www.taikaponit.fi\/wp-content\/uploads\/2025\/04\/07576922-a7f2-4a0f-8bd6-07de55888e29.jpg","name":"07576922-a7f2-4a0f-8bd6-07de55888e29.jpg","meta":{"brizy_attachment_uid":"wp-87ec52585e9f98c0214d47c2601d49c8.jpg","brizy_post_uid":["c9cc880d730fc3033ce3229d2bd0ad6c","215f31bf4b544c6cbd18041112602653"]}}],"_links":{"self":[{"href":"http:\/\/www.taikaponit.fi\/index.php?rest_route=\/wp\/v2\/pages\/1541","targetHints":{"allow":["GET"]}}],"collection":[{"href":"http:\/\/www.taikaponit.fi\/index.php?rest_route=\/wp\/v2\/pages"}],"about":[{"href":"http:\/\/www.taikaponit.fi\/index.php?rest_route=\/wp\/v2\/types\/page"}],"author":[{"embeddable":true,"href":"http:\/\/www.taikaponit.fi\/index.php?rest_route=\/wp\/v2\/users\/1"}],"replies":[{"embeddable":true,"href":"http:\/\/www.taikaponit.fi\/index.php?rest_route=%2Fwp%2Fv2%2Fcomments&post=1541"}],"version-history":[{"count":7,"href":"http:\/\/www.taikaponit.fi\/index.php?rest_route=\/wp\/v2\/pages\/1541\/revisions"}],"predecessor-version":[{"id":1640,"href":"http:\/\/www.taikaponit.fi\/index.php?rest_route=\/wp\/v2\/pages\/1541\/revisions\/1640"}],"wp:attachment":[{"href":"http:\/\/www.taikaponit.fi\/index.php?rest_route=%2Fwp%2Fv2%2Fmedia&parent=1541"}],"curies":[{"name":"wp","href":"https:\/\/api.w.org\/{rel}","templated":true}]}}