{"id":1563,"date":"2026-01-27T15:04:26","date_gmt":"2026-01-27T15:04:26","guid":{"rendered":"https:\/\/www.taikaponit.fi\/?page_id=1563"},"modified":"2026-01-28T13:04:52","modified_gmt":"2026-01-28T13:04:52","slug":"taikaponisynttarit","status":"publish","type":"page","link":"http:\/\/www.taikaponit.fi\/?page_id=1563","title":{"rendered":"Taikaponisyntt\u00e4rit"},"content":{"rendered":"<div class=\"brz brz-root__container brz-reset-all brz-root__container-page\" >\n<section id=\"aahQunlAK0lb_aahQunlAK0lb\" class=\"brz-section brz-css-d-section brz-css-ep9fad\">\n<div class=\"brz-section__content brz-section--boxed brz-css-d-sectionitem-bg brz-css-a1f0ih\" data-brz-custom-id=\"wzkwqkhVpBrq\">\n<div class=\"brz-bg\">\n<div class=\"brz-bg-image\"><\/div>\n<\/div>\n<div class=\"brz-container brz-css-d-sectionitem-container brz-css-jzcmm2\">\n<div id=\"\" class=\"brz-css-d-wrapper brz-css-765p3 brz-wrapper\">\n<div class=\"brz-menu-simple brz-css-d-wpnavigation brz-css-5dab65\">\n<div style=\"min-height:20px\">\n<div class=\"menu-valikko-1-container\">\n<ul id=\"menu-valikko-1\" class=\"menu\">\n<li id=\"menu-item-293\" class=\"menu-item menu-item-type-custom menu-item-object-custom menu-item-293\"><a href=\"#etusivu\">Etusivu<\/a><\/li>\n<li id=\"menu-item-294\" class=\"menu-item menu-item-type-custom menu-item-object-custom menu-item-has-children menu-item-294\"><a href=\"#palvelut\">Palvelut<\/a>\n<ul class=\"sub-menu\">\n<li id=\"menu-item-1391\" class=\"menu-item menu-item-type-post_type menu-item-object-page menu-item-1391\"><a href=\"https:\/\/www.taikaponit.fi\/?page_id=1385\">Taikaratsastus<\/a><\/li>\n<li id=\"menu-item-1265\" class=\"menu-item menu-item-type-post_type menu-item-object-page menu-item-1265\"><a href=\"https:\/\/www.taikaponit.fi\/?page_id=1259\">Leikkitunti<\/a><\/li>\n<li id=\"menu-item-1279\" class=\"menu-item menu-item-type-post_type menu-item-object-page menu-item-1279\"><a href=\"https:\/\/www.taikaponit.fi\/?page_id=1267\">Taikatenavat<\/a><\/li>\n<li id=\"menu-item-1486\" class=\"menu-item menu-item-type-post_type menu-item-object-page menu-item-1486\"><a href=\"https:\/\/www.taikaponit.fi\/?page_id=1480\">Talent<\/a><\/li>\n<li id=\"menu-item-1286\" class=\"menu-item menu-item-type-post_type menu-item-object-page menu-item-1286\"><a href=\"https:\/\/www.taikaponit.fi\/?page_id=1280\">Maastoratsastukset<\/a><\/li>\n<li id=\"menu-item-1552\" class=\"menu-item menu-item-type-post_type menu-item-object-page menu-item-1552\"><a href=\"https:\/\/www.taikaponit.fi\/?page_id=1541\">Pollep\u00e4iv\u00e4t ja leirit<\/a><\/li>\n<li id=\"menu-item-1570\" class=\"menu-item menu-item-type-post_type menu-item-object-page menu-item-1570\"><a href=\"https:\/\/www.taikaponit.fi\/?page_id=1563\">Taikaponisyntt\u00e4rit<\/a><\/li>\n<li id=\"menu-item-1321\" class=\"menu-item menu-item-type-post_type menu-item-object-page menu-item-1321\"><a href=\"https:\/\/www.taikaponit.fi\/?page_id=1316\">Ponitalutus tapahtumiin<\/a><\/li>\n<\/ul>\n<\/li>\n<li id=\"menu-item-295\" class=\"menu-item menu-item-type-custom menu-item-object-custom menu-item-has-children menu-item-295\"><a href=\"#meista\">Meist\u00e4<\/a>\n<ul class=\"sub-menu\">\n<li id=\"menu-item-1322\" class=\"menu-item menu-item-type-post_type menu-item-object-page menu-item-1322\"><a href=\"https:\/\/www.taikaponit.fi\/?page_id=1309\">Esittely<\/a><\/li>\n<li id=\"menu-item-1472\" class=\"menu-item menu-item-type-post_type menu-item-object-page menu-item-1472\"><a href=\"https:\/\/www.taikaponit.fi\/?page_id=1467\">Ponit ja hevoset<\/a><\/li>\n<li id=\"menu-item-1562\" class=\"menu-item menu-item-type-post_type menu-item-object-page menu-item-1562\"><a href=\"https:\/\/www.taikaponit.fi\/?page_id=1553\">Muut el\u00e4imet<\/a><\/li>\n<li id=\"menu-item-1479\" class=\"menu-item menu-item-type-post_type menu-item-object-page menu-item-1479\"><a href=\"https:\/\/www.taikaponit.fi\/?page_id=1474\">Henkil\u00f6kunta<\/a><\/li>\n<li id=\"menu-item-1496\" class=\"menu-item menu-item-type-post_type menu-item-object-page menu-item-1496\"><a href=\"https:\/\/www.taikaponit.fi\/?page_id=1488\">UKK<\/a><\/li>\n<\/ul>\n<\/li>\n<li id=\"menu-item-296\" class=\"menu-item menu-item-type-custom menu-item-object-custom menu-item-has-children menu-item-296\"><a href=\"#hinnasto\">Hinnasto<\/a>\n<ul class=\"sub-menu\">\n<li id=\"menu-item-1364\" class=\"menu-item menu-item-type-post_type menu-item-object-page menu-item-1364\"><a href=\"https:\/\/www.taikaponit.fi\/?page_id=1349\">Hinnasto<\/a><\/li>\n<\/ul>\n<\/li>\n<li id=\"menu-item-297\" class=\"menu-item menu-item-type-custom menu-item-object-custom menu-item-has-children menu-item-297\"><a href=\"#otayhteys\">Ota yhteytt\u00e4<\/a>\n<ul class=\"sub-menu\">\n<li id=\"menu-item-1526\" class=\"menu-item menu-item-type-post_type menu-item-object-page menu-item-1526\"><a href=\"https:\/\/www.taikaponit.fi\/?page_id=1521\">Sijainti<\/a><\/li>\n<li id=\"menu-item-1538\" class=\"menu-item menu-item-type-post_type menu-item-object-page menu-item-1538\"><a href=\"https:\/\/www.taikaponit.fi\/?page_id=1533\">Yhteystiedot<\/a><\/li>\n<\/ul>\n<\/li>\n<\/ul>\n<\/div>\n<\/div>\n<\/div>\n<\/div>\n<div id=\"\" class=\"brz-css-d-wrapper brz-css-1mycpk1 brz-wrapper\">\n<div class=\"brz-rich-text brz-rich-text__custom brz-css-d-richtext brz-css-5z2d32\" data-brz-custom-id=\"w2nL23d5v8lz\">\n<div data-brz-translate-text=\"1\">\n<h2 class=\"brz-tp-lg-heading2 brz-text-lg-center brz-css-xa2Cq\" data-generated-css=\"brz-css-p8M1P\" data-uniq-id=\"wSts0\"><\/h2>\n<\/div>\n<\/div>\n<\/div>\n<div id=\"\" class=\"brz-css-d-wrapper brz-css-1cmk5ut brz-wrapper\">\n<div class=\"brz-rich-text brz-rich-text__custom brz-css-d-richtext brz-css-1lmsao4\" data-brz-custom-id=\"uoHufKStqyLH\">\n<div data-brz-translate-text=\"1\">\n<p class=\"brz-text-lg-center brz-tp-lg-subtitle brz-css-e0NSW\" data-generated-css=\"brz-css-zprgC\" data-uniq-id=\"szm4R\"><\/p>\n<\/div>\n<\/div>\n<\/div>\n<div id=\"\" class=\"brz-css-d-wrapper brz-css-1e3t745 brz-wrapper\">\n<div class=\"brz-rich-text brz-rich-text__custom brz-css-d-richtext brz-css-10ndcas\" data-brz-custom-id=\"nAB3oL89HXoy\">\n<div data-brz-translate-text=\"1\">\n<p class=\"brz-tp-lg-subtitle brz-text-lg-center brz-css-tifBX\" data-uniq-id=\"pMhjh\" data-generated-css=\"brz-css-fj52p\"><\/p>\n<\/div>\n<\/div>\n<\/div>\n<div id=\"\" class=\"brz-css-d-wrapper brz-css-r-wrapper brz-css-zhup6x brz-wrapper\">\n<div class=\"brz-spacer brz-css-d-spacer brz-css-14lzliq\"><\/div>\n<\/div>\n<\/div>\n<\/div>\n<\/section>\n<section id=\"aKkvvRDLxQQ9_aKkvvRDLxQQ9\" class=\"brz-section brz-css-d-section brz-css-23yegq\">\n<div class=\"brz-section__content brz-section--boxed brz-css-d-sectionitem-bg brz-css-8p2fil\" data-brz-custom-id=\"qV5q12Eyxhwp\">\n<div class=\"brz-bg\">\n<div class=\"brz-bg-color\"><\/div>\n<\/div>\n<div class=\"brz-container brz-css-d-sectionitem-container brz-css-1uqvx8b\">\n<div id=\"\" class=\"brz-css-d-wrapper brz-css-lyigq7 brz-wrapper\">\n<div class=\"brz-rich-text brz-rich-text__custom brz-css-d-richtext brz-css-1fcna6r\" data-brz-custom-id=\"q6R5EJJlk_xB\">\n<div data-brz-translate-text=\"1\">\n<h2 class=\"brz-tp-lg-heading2 brz-text-lg-center brz-css-aQPO6\" data-generated-css=\"brz-css-lesaj\" data-uniq-id=\"u_6J0\"><span style=\"color: rgba(var(--brz-global-color2),1);\" class=\"brz-cp-color2\">Taikaponisyntt\u00e4rit<\/span><\/h2>\n<\/div>\n<\/div>\n<\/div>\n<div id=\"\" class=\"brz-css-d-wrapper brz-css-1bggmpx brz-wrapper\">\n<div class=\"brz-rich-text brz-rich-text__custom brz-css-d-richtext brz-css-14p3qq\" data-brz-custom-id=\"m4vLJlTHcfrC\">\n<div data-brz-translate-text=\"1\">\n<p class=\"brz-tp-lg-subtitle brz-text-lg-center brz-css-wrkA2\" data-uniq-id=\"aywfM\" data-generated-css=\"brz-css-ktfx_\"><span class=\"brz-cp-color2\" style=\"color: rgba(var(--brz-global-color2),1);\">Tarjolla taikaponeja ratsastukseen ja halutessanne my\u00f6s k\u00e4rryponeja. Talvisin mahdollisuus my\u00f6s rekiajeluun tai pulkkailuun ponien kanssa. Juhlien kesto on kaksi tuntia &#8211; ensimm\u00e4inen tunti vietet\u00e4\u00e4n ponien kanssa ja toinen tunti herkutellaan. <\/span><\/p>\n<p class=\"brz-tp-lg-subtitle brz-text-lg-center brz-css-zb5K9\" data-uniq-id=\"s6erY\" data-generated-css=\"brz-css-uRrsg\"><span class=\"brz-cp-color2\" style=\"color: rgba(var(--brz-global-color2),1);\">Tarjoilut katetaan juhlatilassamme Kivipirtiss\u00e4 tai menn\u00e4\u00e4n nuotiolle paistamaan makkaraa ja vaahtokarkkeja. Kaikki tarjoilut suunnitellaan allergeenit huomioiden (esimerkiksi kakku, karkkia, keksej\u00e4 ja mehua). Suositusvierasm\u00e4\u00e4r\u00e4 syntt\u00e4reille on kuusi lasta, jolloin kaikki saavat halutessaan oman ratsun tai ajoponin. Vanhemmat ja kummit ovat tervetulleita mukaan &#8211; voidaan keitt\u00e4\u00e4 my\u00f6s kahvit! <\/span><\/p>\n<p class=\"brz-tp-lg-subtitle brz-text-lg-center brz-css-bccYB\" data-uniq-id=\"mthvL\" data-generated-css=\"brz-css-pANZh\"><span class=\"brz-cp-color2\" style=\"color: rgba(var(--brz-global-color2),1);\"> <\/span><\/p>\n<p class=\"brz-tp-lg-subtitle brz-text-lg-center brz-css-fYlM_\" data-uniq-id=\"pZs0K\" data-generated-css=\"brz-css-jHLoo\"><span class=\"brz-cp-color2\" style=\"color: rgba(var(--brz-global-color2),1);\">Voi varata taikaponisyntt\u00e4rit Hopotista, kalenterissa on valmiina lauantaille aina yksi syntt\u00e4riaika. Voit my\u00f6s kysy\u00e4 muita mahdollisia aikoja s\u00e4hk\u00f6postitse taikaponit@outlook.com. <\/span><\/p>\n<p class=\"brz-tp-lg-subtitle brz-text-lg-center brz-css-aR1si\" data-uniq-id=\"eLEH2\" data-generated-css=\"brz-css-ur3Rk\"><span class=\"brz-cp-color2\" style=\"color: rgba(var(--brz-global-color2),1);\"> <\/span><\/p>\n<p class=\"brz-tp-lg-subtitle brz-text-lg-center brz-css-u7zpV\" data-uniq-id=\"fcOr0\" data-generated-css=\"brz-css-nILY6\"><span class=\"brz-cp-color2\" style=\"color: rgba(var(--brz-global-color2),1);\">Tervetuloa suunnittelemaan taianomaiset ponisyntt\u00e4rit kanssamme!  <\/span><\/p>\n<p class=\"brz-tp-lg-subtitle brz-text-lg-center brz-css-tH25E\" data-uniq-id=\"vZFJL\" data-generated-css=\"brz-css-fTGbJ\"><span class=\"brz-cp-color2\" style=\"color: rgba(var(--brz-global-color2),1);\"> <\/span><\/p>\n<\/div>\n<\/div>\n<\/div>\n<div class=\"brz-wrapper-clone brz-flex-xs-wrap brz-css-d-cloneable brz-css-t65rrp\" data-brz-custom-id=\"n0W8iCnvBx7r\"><a class=\"brz-a brz-btn brz-css-d-button brz-css-y58spr brz-css-d-button-bg brz-css-fkz1cg\" target=\"_self\" rel=\"noopener\" href=\"https:\/\/hopoti.com\/stable\/Taikaponit\/booking?cal=1573\" data-brz-link-type=\"external\" data-brz-custom-id=\"kfWGdjCMZcLQ\"><svg class=\"brz-icon-svg align-[initial] brz-css-d-button-icon brz-css-1b3ngo0\"><use href=\"\/wp-content\/plugins\/brizy\/public\/editor-build\/prod\/editor\/icons\/glyph\/tail-right.svg#nc_icon\"><\/use><\/svg><span data-brz-translate-text=\"1\" class=\"brz-span brz-text__editor\">VARAA T\u00c4ST\u00c4<\/span><\/a><\/div>\n<div id=\"\" class=\"brz-css-d-wrapper brz-css-r-wrapper brz-css-j1ds8a brz-wrapper\">\n<div class=\"brz-spacer brz-css-d-spacer brz-css-1p2kl5m\"><\/div>\n<\/div>\n<\/div>\n<\/div>\n<\/section><\/div>\n<p><!-- version:1769605492 --><\/p>\n","protected":false},"excerpt":{"rendered":"<p>Etusivu Palvelut Taikaratsastus Leikkitunti Taikatenavat Talent Maastoratsastukset Pollep\u00e4iv\u00e4t ja leirit Taikaponisyntt\u00e4rit Ponitalutus tapahtumiin Meist\u00e4 Esittely Ponit ja hevoset Muut el\u00e4imet Henkil\u00f6kunta UKK Hinnasto Hinnasto Ota yhteytt\u00e4 Sijainti Yhteystiedot Taikaponisyntt\u00e4rit Tarjolla taikaponeja ratsastukseen ja halutessanne my\u00f6s k\u00e4rryponeja. Talvisin mahdollisuus my\u00f6s rekiajeluun tai pulkkailuun ponien kanssa. Juhlien kesto on kaksi tuntia &#8211; [&hellip;]<\/p>\n","protected":false},"author":1,"featured_media":0,"parent":0,"menu_order":0,"comment_status":"closed","ping_status":"closed","template":"brizy-blank-template.php","meta":{"_themeisle_gutenberg_block_has_review":false,"footnotes":""},"class_list":["post-1563","page","type-page","status-publish","hentry"],"brizy_media":[{"id":933,"url":"http:\/\/www.taikaponit.fi\/wp-content\/uploads\/2025\/04\/Jukkkaa.jpg","name":"Jukkkaa.jpg","meta":{"brizy_attachment_uid":"wp-950ee292b2e337ba00bf825d6c862b5d.jpg","brizy_post_uid":["c9cc880d730fc3033ce3229d2bd0ad6c","215f31bf4b544c6cbd18041112602653"]}},{"id":934,"url":"http:\/\/www.taikaponit.fi\/wp-content\/uploads\/2025\/04\/nettisivuil-katja-1-scaled.jpg","name":"nettisivuil-katja-1.jpg","meta":{"brizy_attachment_uid":"wp-553b7c1e4ec839d40b90cee27b422e6a.jpg","brizy_post_uid":["c9cc880d730fc3033ce3229d2bd0ad6c","215f31bf4b544c6cbd18041112602653"]}},{"id":948,"url":"http:\/\/www.taikaponit.fi\/wp-content\/uploads\/2025\/04\/jupaduuu-scaled.jpg","name":"jupaduuu.jpg","meta":{"brizy_attachment_uid":"wp-1c01354f70b7170b5b7e099714bda1fb.jpg","brizy_post_uid":["c9cc880d730fc3033ce3229d2bd0ad6c","215f31bf4b544c6cbd18041112602653"]}},{"id":952,"url":"http:\/\/www.taikaponit.fi\/wp-content\/uploads\/2025\/04\/f849465d-812f-4378-81d5-de2056c3b4fd.jpg","name":"f849465d-812f-4378-81d5-de2056c3b4fd.jpg","meta":{"brizy_attachment_uid":"wp-a849ddd479ff29d7f16c1805eefac277.jpg","brizy_post_uid":["c9cc880d730fc3033ce3229d2bd0ad6c","215f31bf4b544c6cbd18041112602653"]}},{"id":954,"url":"http:\/\/www.taikaponit.fi\/wp-content\/uploads\/2025\/04\/07576922-a7f2-4a0f-8bd6-07de55888e29.jpg","name":"07576922-a7f2-4a0f-8bd6-07de55888e29.jpg","meta":{"brizy_attachment_uid":"wp-87ec52585e9f98c0214d47c2601d49c8.jpg","brizy_post_uid":["c9cc880d730fc3033ce3229d2bd0ad6c","215f31bf4b544c6cbd18041112602653"]}}],"_links":{"self":[{"href":"http:\/\/www.taikaponit.fi\/index.php?rest_route=\/wp\/v2\/pages\/1563","targetHints":{"allow":["GET"]}}],"collection":[{"href":"http:\/\/www.taikaponit.fi\/index.php?rest_route=\/wp\/v2\/pages"}],"about":[{"href":"http:\/\/www.taikaponit.fi\/index.php?rest_route=\/wp\/v2\/types\/page"}],"author":[{"embeddable":true,"href":"http:\/\/www.taikaponit.fi\/index.php?rest_route=\/wp\/v2\/users\/1"}],"replies":[{"embeddable":true,"href":"http:\/\/www.taikaponit.fi\/index.php?rest_route=%2Fwp%2Fv2%2Fcomments&post=1563"}],"version-history":[{"count":5,"href":"http:\/\/www.taikaponit.fi\/index.php?rest_route=\/wp\/v2\/pages\/1563\/revisions"}],"predecessor-version":[{"id":1636,"href":"http:\/\/www.taikaponit.fi\/index.php?rest_route=\/wp\/v2\/pages\/1563\/revisions\/1636"}],"wp:attachment":[{"href":"http:\/\/www.taikaponit.fi\/index.php?rest_route=%2Fwp%2Fv2%2Fmedia&parent=1563"}],"curies":[{"name":"wp","href":"https:\/\/api.w.org\/{rel}","templated":true}]}}