{"id":1553,"date":"2026-01-27T15:01:47","date_gmt":"2026-01-27T15:01:47","guid":{"rendered":"https:\/\/www.taikaponit.fi\/?page_id=1553"},"modified":"2026-02-11T09:37:01","modified_gmt":"2026-02-11T09:37:01","slug":"muut-elaimet","status":"publish","type":"page","link":"https:\/\/www.taikaponit.fi\/?page_id=1553","title":{"rendered":"Muut el\u00e4imet"},"content":{"rendered":"<div class=\"brz brz-root__container brz-reset-all brz-root__container-page\" >\n<section id=\"aahQunlAK0lb_aahQunlAK0lb\" class=\"brz-section brz-css-d-section brz-css-ep9fad\">\n<div class=\"brz-section__content brz-section--boxed brz-css-d-sectionitem-bg brz-css-a1f0ih\" data-brz-custom-id=\"wzkwqkhVpBrq\">\n<div class=\"brz-bg\">\n<div class=\"brz-bg-image\"><\/div>\n<\/div>\n<div class=\"brz-container brz-css-d-sectionitem-container brz-css-jzcmm2\">\n<div id=\"\" class=\"brz-css-d-wrapper brz-css-765p3 brz-wrapper\">\n<div class=\"brz-menu-simple brz-css-d-wpnavigation brz-css-5dab65\">\n<div style=\"min-height:20px\">\n<div class=\"menu-valikko-1-container\">\n<ul id=\"menu-valikko-1\" class=\"menu\">\n<li id=\"menu-item-1641\" class=\"menu-item menu-item-type-post_type menu-item-object-page menu-item-home menu-item-1641\"><a href=\"https:\/\/www.taikaponit.fi\/\">Etusivu<\/a><\/li>\n<li id=\"menu-item-294\" class=\"menu-item menu-item-type-custom menu-item-object-custom menu-item-has-children menu-item-294\"><a href=\"#palvelut\">Palvelut<\/a>\n<ul class=\"sub-menu\">\n<li id=\"menu-item-1391\" class=\"menu-item menu-item-type-post_type menu-item-object-page menu-item-1391\"><a href=\"https:\/\/www.taikaponit.fi\/?page_id=1385\">Taikaratsastus<\/a><\/li>\n<li id=\"menu-item-1265\" class=\"menu-item menu-item-type-post_type menu-item-object-page menu-item-1265\"><a href=\"https:\/\/www.taikaponit.fi\/?page_id=1259\">Leikkitunti<\/a><\/li>\n<li id=\"menu-item-1279\" class=\"menu-item menu-item-type-post_type menu-item-object-page menu-item-1279\"><a href=\"https:\/\/www.taikaponit.fi\/?page_id=1267\">Taikatenavat<\/a><\/li>\n<li id=\"menu-item-1486\" class=\"menu-item menu-item-type-post_type menu-item-object-page menu-item-1486\"><a href=\"https:\/\/www.taikaponit.fi\/?page_id=1480\">Talent<\/a><\/li>\n<li id=\"menu-item-1286\" class=\"menu-item menu-item-type-post_type menu-item-object-page menu-item-1286\"><a href=\"https:\/\/www.taikaponit.fi\/?page_id=1280\">Maastoratsastukset<\/a><\/li>\n<li id=\"menu-item-1552\" class=\"menu-item menu-item-type-post_type menu-item-object-page menu-item-1552\"><a href=\"https:\/\/www.taikaponit.fi\/?page_id=1541\">Pollep\u00e4iv\u00e4t ja leirit<\/a><\/li>\n<li id=\"menu-item-1570\" class=\"menu-item menu-item-type-post_type menu-item-object-page menu-item-1570\"><a href=\"https:\/\/www.taikaponit.fi\/?page_id=1563\">Taikaponisyntt\u00e4rit<\/a><\/li>\n<li id=\"menu-item-1321\" class=\"menu-item menu-item-type-post_type menu-item-object-page menu-item-1321\"><a href=\"https:\/\/www.taikaponit.fi\/?page_id=1316\">Ponitalutus tapahtumiin<\/a><\/li>\n<\/ul>\n<\/li>\n<li id=\"menu-item-295\" class=\"menu-item menu-item-type-custom menu-item-object-custom menu-item-has-children menu-item-295\"><a href=\"#meista\">Meist\u00e4<\/a>\n<ul class=\"sub-menu\">\n<li id=\"menu-item-1322\" class=\"menu-item menu-item-type-post_type menu-item-object-page menu-item-1322\"><a href=\"https:\/\/www.taikaponit.fi\/?page_id=1309\">Esittely<\/a><\/li>\n<li id=\"menu-item-1472\" class=\"menu-item menu-item-type-post_type menu-item-object-page menu-item-1472\"><a href=\"https:\/\/www.taikaponit.fi\/?page_id=1467\">Ponit ja hevoset<\/a><\/li>\n<li id=\"menu-item-1562\" class=\"menu-item menu-item-type-post_type menu-item-object-page menu-item-1562\"><a href=\"https:\/\/www.taikaponit.fi\/?page_id=1553\">Muut el\u00e4imet<\/a><\/li>\n<li id=\"menu-item-1479\" class=\"menu-item menu-item-type-post_type menu-item-object-page menu-item-1479\"><a href=\"https:\/\/www.taikaponit.fi\/?page_id=1474\">Henkil\u00f6kunta<\/a><\/li>\n<li id=\"menu-item-1496\" class=\"menu-item menu-item-type-post_type menu-item-object-page menu-item-1496\"><a href=\"https:\/\/www.taikaponit.fi\/?page_id=1488\">UKK<\/a><\/li>\n<\/ul>\n<\/li>\n<li id=\"menu-item-296\" class=\"menu-item menu-item-type-custom menu-item-object-custom menu-item-has-children menu-item-296\"><a href=\"#hinnasto\">Hinnasto<\/a>\n<ul class=\"sub-menu\">\n<li id=\"menu-item-1364\" class=\"menu-item menu-item-type-post_type menu-item-object-page menu-item-1364\"><a href=\"https:\/\/www.taikaponit.fi\/?page_id=1349\">Hinnasto<\/a><\/li>\n<\/ul>\n<\/li>\n<li id=\"menu-item-297\" class=\"menu-item menu-item-type-custom menu-item-object-custom menu-item-has-children menu-item-297\"><a href=\"#otayhteys\">Ota yhteytt\u00e4<\/a>\n<ul class=\"sub-menu\">\n<li id=\"menu-item-1526\" class=\"menu-item menu-item-type-post_type menu-item-object-page menu-item-1526\"><a href=\"https:\/\/www.taikaponit.fi\/?page_id=1521\">Sijainti<\/a><\/li>\n<li id=\"menu-item-1538\" class=\"menu-item menu-item-type-post_type menu-item-object-page menu-item-1538\"><a href=\"https:\/\/www.taikaponit.fi\/?page_id=1533\">Yhteystiedot<\/a><\/li>\n<\/ul>\n<\/li>\n<\/ul>\n<\/div>\n<\/div>\n<\/div>\n<\/div>\n<div id=\"\" class=\"brz-css-d-wrapper brz-css-1mycpk1 brz-wrapper\">\n<div class=\"brz-rich-text brz-rich-text__custom brz-css-d-richtext brz-css-5z2d32\" data-brz-custom-id=\"w2nL23d5v8lz\">\n<div data-brz-translate-text=\"1\">\n<h2 class=\"brz-tp-lg-heading2 brz-text-lg-center brz-css-xa2Cq\" data-generated-css=\"brz-css-p8M1P\" data-uniq-id=\"wSts0\"><\/h2>\n<\/div>\n<\/div>\n<\/div>\n<div id=\"\" class=\"brz-css-d-wrapper brz-css-1cmk5ut brz-wrapper\">\n<div class=\"brz-rich-text brz-rich-text__custom brz-css-d-richtext brz-css-1lmsao4\" data-brz-custom-id=\"uoHufKStqyLH\">\n<div data-brz-translate-text=\"1\">\n<p class=\"brz-text-lg-center brz-tp-lg-subtitle brz-css-e0NSW\" data-generated-css=\"brz-css-zprgC\" data-uniq-id=\"szm4R\"><\/p>\n<\/div>\n<\/div>\n<\/div>\n<div id=\"\" class=\"brz-css-d-wrapper brz-css-1e3t745 brz-wrapper\">\n<div class=\"brz-rich-text brz-rich-text__custom brz-css-d-richtext brz-css-10ndcas\" data-brz-custom-id=\"nAB3oL89HXoy\">\n<div data-brz-translate-text=\"1\">\n<p class=\"brz-tp-lg-subtitle brz-text-lg-center brz-css-tifBX\" data-uniq-id=\"pMhjh\" data-generated-css=\"brz-css-fj52p\"><\/p>\n<\/div>\n<\/div>\n<\/div>\n<div id=\"\" class=\"brz-css-d-wrapper brz-css-r-wrapper brz-css-zhup6x brz-wrapper\">\n<div class=\"brz-spacer brz-css-d-spacer brz-css-14lzliq\"><\/div>\n<\/div>\n<\/div>\n<\/div>\n<\/section>\n<section id=\"aKkvvRDLxQQ9_aKkvvRDLxQQ9\" class=\"brz-section brz-css-d-section brz-css-23yegq\">\n<div class=\"brz-section__content brz-section--boxed brz-css-d-sectionitem-bg brz-css-8p2fil\" data-brz-custom-id=\"qV5q12Eyxhwp\">\n<div class=\"brz-bg\">\n<div class=\"brz-bg-color\"><\/div>\n<\/div>\n<div class=\"brz-container brz-css-d-sectionitem-container brz-css-1uqvx8b\">\n<div id=\"\" class=\"brz-css-d-wrapper brz-css-lyigq7 brz-wrapper\">\n<div class=\"brz-rich-text brz-rich-text__custom brz-css-d-richtext brz-css-1fcna6r\" data-brz-custom-id=\"q6R5EJJlk_xB\">\n<div data-brz-translate-text=\"1\">\n<h2 class=\"brz-tp-lg-heading2 brz-text-lg-center brz-css-ofz3N\" data-generated-css=\"brz-css-l4rw6\" data-uniq-id=\"mHV79\"><span style=\"color: rgba(var(--brz-global-color2),1);\" class=\"brz-cp-color2\">Muut el\u00e4imet<\/span><\/h2>\n<\/div>\n<\/div>\n<\/div>\n<div id=\"\" class=\"brz-css-d-wrapper brz-css-1bggmpx brz-wrapper\">\n<div class=\"brz-rich-text brz-rich-text__custom brz-css-d-richtext brz-css-14p3qq\" data-brz-custom-id=\"m4vLJlTHcfrC\">\n<div data-brz-translate-text=\"1\">\n<p class=\"brz-tp-lg-subtitle brz-text-lg-center brz-css-du4Zi\" data-uniq-id=\"pOT8x\" data-generated-css=\"brz-css-zPUD4\"><span class=\"brz-cp-color2\" style=\"color: rgba(var(--brz-global-color2),1);\">Taikaponien lis\u00e4ksi meill\u00e4 asuu monen monta muutakin neli- ja kaksijalkaista el\u00e4inyst\u00e4v\u00e4\u00e4. Saapuessasi pihaan, teid\u00e4t toivottaa usein tervetulleeksi niin Kirppu-koira, joku kolmesta kissasta (Nelli, Taavi, Viiru) tai p\u00e4k\u00e4p\u00e4\u00e4t Hilma, Lyyli ja Hertta. <\/span><\/p>\n<p class=\"brz-tp-lg-subtitle brz-text-lg-center brz-css-hr4ea\" data-uniq-id=\"r79LN\" data-generated-css=\"brz-css-tD8y2\"><\/p>\n<p class=\"brz-tp-lg-subtitle brz-text-lg-center brz-css-fryjB\" data-uniq-id=\"fz37O\" data-generated-css=\"brz-css-pV5ow\"><span class=\"brz-cp-color2\" style=\"color: rgba(var(--brz-global-color2),1);\">Lapin lehm\u00e4t Mymmeli, Mimmi ja Pikku Myy ammuvat pyyt\u00e4en leip\u00e4palasia ja saattavat suikata sinulle suukon, jos heit\u00e4 k\u00e4yt tervehtim\u00e4ss\u00e4. <\/span><\/p>\n<p class=\"brz-tp-lg-subtitle brz-text-lg-center brz-css-e_aaC\" data-uniq-id=\"av3Zl\" data-generated-css=\"brz-css-n2fxi\"><span class=\"brz-cp-color2\" style=\"color: rgba(var(--brz-global-color2),1);\"> <\/span><\/p>\n<p class=\"brz-tp-lg-subtitle brz-text-lg-center brz-css-vzVn5\" data-uniq-id=\"lJOBZ\" data-generated-css=\"brz-css-n1AlR\"><span class=\"brz-cp-color2\" style=\"color: rgba(var(--brz-global-color2),1);\">Pupulassa meill\u00e4 on aina vilkasta, jokaisena vuoden aikana. Kev\u00e4\u00e4ll\u00e4 ja kes\u00e4ll\u00e4 vilske on v\u00e4lill\u00e4 aikamoista kun poikasia syntyy usealta pupu-emolta samaan aikaan. Puput pit\u00e4v\u00e4t silityksist\u00e4 ja viihtyv\u00e4t my\u00f6s syliss\u00e4 varsinkin mik\u00e4li silitt\u00e4j\u00e4ll\u00e4 on porkkana k\u00e4dess\u00e4.<\/span><\/p>\n<p class=\"brz-tp-lg-subtitle brz-text-lg-center brz-css-zJvMN\" data-uniq-id=\"lPQvF\" data-generated-css=\"brz-css-k3fXM\"><\/p>\n<p class=\"brz-tp-lg-subtitle brz-text-lg-center brz-css-m59e1\" data-uniq-id=\"oEhi2\" data-generated-css=\"brz-css-uRNyS\"><span class=\"brz-cp-color2\" style=\"color: rgba(var(--brz-global-color2),1);\">My\u00f6s \u00e4\u00e4nt\u00e4 tilalta l\u00f6ytyy &#8211; kanat kotkottaa ja kukko kiekuu, talvisin navetassa ja kes\u00e4isin pihakanalassa tarkastellen muiden kaksi- ja nelijalkaisten menoa. <\/span><\/p>\n<p class=\"brz-tp-lg-subtitle brz-text-lg-center brz-css-zuOjc\" data-uniq-id=\"jeDpm\" data-generated-css=\"brz-css-oWaSG\"><span class=\"brz-cp-color2\" style=\"color: rgba(var(--brz-global-color2),1);\"> <\/span><\/p>\n<p class=\"brz-tp-lg-subtitle brz-text-lg-center brz-css-opFxi\" data-uniq-id=\"eFpg2\" data-generated-css=\"brz-css-sWs7X\"><span class=\"brz-cp-color2\" style=\"color: rgba(var(--brz-global-color2),1);\">Tervetuloa tutustumaan kaikkiin el\u00e4imiimme ja tilan leppe\u00e4\u00e4n ilmapiiriin &#8211; niin pieni\u00e4 kuin isoja lempeit\u00e4 k\u00e4sipareja odotellaan jo! <\/span><\/p>\n<p class=\"brz-tp-lg-subtitle brz-text-lg-center brz-css-ct8WT\" data-uniq-id=\"fJCcv\" data-generated-css=\"brz-css-rqekn\"><\/p>\n<p class=\"brz-tp-lg-subtitle brz-text-lg-center brz-css-wSkOX\" data-uniq-id=\"jthDV\" data-generated-css=\"brz-css-ndIuh\"><span class=\"brz-cp-color2\" style=\"color: rgba(var(--brz-global-color2),1);\"> <\/span><\/p>\n<p class=\"brz-tp-lg-subtitle brz-text-lg-center brz-css-l7pXv\" data-uniq-id=\"mI2J6\" data-generated-css=\"brz-css-sgdKq\"><span class=\"brz-cp-color2\" style=\"color: rgba(var(--brz-global-color2),1);\"> <\/span><\/p>\n<\/div>\n<\/div>\n<\/div>\n<div id=\"\" class=\"brz-css-d-wrapper brz-css-r-wrapper brz-css-j1ds8a brz-wrapper\">\n<div class=\"brz-spacer brz-css-d-spacer brz-css-1p2kl5m\"><\/div>\n<\/div>\n<\/div>\n<\/div>\n<\/section><\/div>\n<p><!-- version:1770802621 --><\/p>\n","protected":false},"excerpt":{"rendered":"<p>Etusivu Palvelut Taikaratsastus Leikkitunti Taikatenavat Talent Maastoratsastukset Pollep\u00e4iv\u00e4t ja leirit Taikaponisyntt\u00e4rit Ponitalutus tapahtumiin Meist\u00e4 Esittely Ponit ja hevoset Muut el\u00e4imet Henkil\u00f6kunta UKK Hinnasto Hinnasto Ota yhteytt\u00e4 Sijainti Yhteystiedot Muut el\u00e4imet Taikaponien lis\u00e4ksi meill\u00e4 asuu monen monta muutakin neli- ja kaksijalkaista el\u00e4inyst\u00e4v\u00e4\u00e4. Saapuessasi pihaan, teid\u00e4t toivottaa usein tervetulleeksi niin Kirppu-koira, joku [&hellip;]<\/p>\n","protected":false},"author":1,"featured_media":0,"parent":0,"menu_order":0,"comment_status":"closed","ping_status":"closed","template":"brizy-blank-template.php","meta":{"_themeisle_gutenberg_block_has_review":false,"footnotes":""},"class_list":["post-1553","page","type-page","status-publish","hentry"],"brizy_media":[{"id":933,"url":"https:\/\/www.taikaponit.fi\/wp-content\/uploads\/2025\/04\/Jukkkaa.jpg","name":"Jukkkaa.jpg","meta":{"brizy_attachment_uid":"wp-950ee292b2e337ba00bf825d6c862b5d.jpg","brizy_post_uid":["c9cc880d730fc3033ce3229d2bd0ad6c","215f31bf4b544c6cbd18041112602653"]}},{"id":934,"url":"https:\/\/www.taikaponit.fi\/wp-content\/uploads\/2025\/04\/nettisivuil-katja-1-scaled.jpg","name":"nettisivuil-katja-1.jpg","meta":{"brizy_attachment_uid":"wp-553b7c1e4ec839d40b90cee27b422e6a.jpg","brizy_post_uid":["c9cc880d730fc3033ce3229d2bd0ad6c","215f31bf4b544c6cbd18041112602653"]}},{"id":948,"url":"https:\/\/www.taikaponit.fi\/wp-content\/uploads\/2025\/04\/jupaduuu-scaled.jpg","name":"jupaduuu.jpg","meta":{"brizy_attachment_uid":"wp-1c01354f70b7170b5b7e099714bda1fb.jpg","brizy_post_uid":["c9cc880d730fc3033ce3229d2bd0ad6c","215f31bf4b544c6cbd18041112602653"]}},{"id":952,"url":"https:\/\/www.taikaponit.fi\/wp-content\/uploads\/2025\/04\/f849465d-812f-4378-81d5-de2056c3b4fd.jpg","name":"f849465d-812f-4378-81d5-de2056c3b4fd.jpg","meta":{"brizy_attachment_uid":"wp-a849ddd479ff29d7f16c1805eefac277.jpg","brizy_post_uid":["c9cc880d730fc3033ce3229d2bd0ad6c","215f31bf4b544c6cbd18041112602653"]}},{"id":954,"url":"https:\/\/www.taikaponit.fi\/wp-content\/uploads\/2025\/04\/07576922-a7f2-4a0f-8bd6-07de55888e29.jpg","name":"07576922-a7f2-4a0f-8bd6-07de55888e29.jpg","meta":{"brizy_attachment_uid":"wp-87ec52585e9f98c0214d47c2601d49c8.jpg","brizy_post_uid":["c9cc880d730fc3033ce3229d2bd0ad6c","215f31bf4b544c6cbd18041112602653"]}}],"_links":{"self":[{"href":"https:\/\/www.taikaponit.fi\/index.php?rest_route=\/wp\/v2\/pages\/1553","targetHints":{"allow":["GET"]}}],"collection":[{"href":"https:\/\/www.taikaponit.fi\/index.php?rest_route=\/wp\/v2\/pages"}],"about":[{"href":"https:\/\/www.taikaponit.fi\/index.php?rest_route=\/wp\/v2\/types\/page"}],"author":[{"embeddable":true,"href":"https:\/\/www.taikaponit.fi\/index.php?rest_route=\/wp\/v2\/users\/1"}],"replies":[{"embeddable":true,"href":"https:\/\/www.taikaponit.fi\/index.php?rest_route=%2Fwp%2Fv2%2Fcomments&post=1553"}],"version-history":[{"count":5,"href":"https:\/\/www.taikaponit.fi\/index.php?rest_route=\/wp\/v2\/pages\/1553\/revisions"}],"predecessor-version":[{"id":1651,"href":"https:\/\/www.taikaponit.fi\/index.php?rest_route=\/wp\/v2\/pages\/1553\/revisions\/1651"}],"wp:attachment":[{"href":"https:\/\/www.taikaponit.fi\/index.php?rest_route=%2Fwp%2Fv2%2Fmedia&parent=1553"}],"curies":[{"name":"wp","href":"https:\/\/api.w.org\/{rel}","templated":true}]}}